{"id":103,"date":"2024-08-31T17:16:21","date_gmt":"2024-08-31T15:16:21","guid":{"rendered":"https:\/\/desarrollo.top\/sancayetano\/?page_id=103"},"modified":"2026-01-07T11:57:29","modified_gmt":"2026-01-07T10:57:29","slug":"nosotros","status":"publish","type":"page","link":"https:\/\/www.satsancayetano.es\/en\/nosotros\/","title":{"rendered":"About us"},"content":{"rendered":"","protected":false},"excerpt":{"rendered":"","protected":false},"author":1,"featured_media":0,"parent":0,"menu_order":0,"comment_status":"closed","ping_status":"closed","template":"page-nosotros.php","meta":{"_acf_changed":false,"footnotes":""},"class_list":["post-103","page","type-page","status-publish","hentry"],"acf":{"equipo":[{"nombre":"Juan Carlos Mart\u00ednez","cargo":"Director Gerente - CEO","imagen":214},{"nombre":"Raquel G\u00e1lvez","cargo":"Directora de producci\u00f3n","imagen":215},{"nombre":"Gloria Lara","cargo":"Directora t\u00e9cnica","imagen":216},{"nombre":"Jos\u00e9 Zamora","cargo":"Presidente Sat San Cayetano","imagen":217},{"nombre":"Susana Garc\u00eda","cargo":"Directora de Personas y Talento","imagen":213},{"nombre":"Encarna Garre","cargo":"Directora financiera","imagen":211}],"nuestra_historia_parrafo_primero":"La Sat San Cayetano se constituy\u00f3 oficialmente el 27 de octubre de 1.975 con la uni\u00f3n de 10 agricultores del t\u00e9rmino municial de Torre Pacheco (Murcia), y con una producci\u00f3n inicial de 764 Tns. Tres d\u00e9cadas m\u00e1s tarde, la empresa se ha convertido en un referente a nivel internacional en productos hortofrut\u00edcolas con un alto nivel de calidad y seguridad alimentaria.\r\n\r\nLa evoluci\u00f3n de la SAT San Cayetano ha sido espectacular, ya que en la actualidad cuenta con 86 socios, 1.700 hect\u00e1reas y un volumen de comercializaci\u00f3n de m\u00e1s de 43.000 toneladas de frutas y hortalizas.\r\n\r\nLa concentraci\u00f3n de la oferta es uno de los objetivos que plante\u00f3 la SAT San Cayetano desde su fundaci\u00f3n. Como consecuencia de ello, la empresa est\u00e1 calificada como OPFH en 1.987 con el n\u00famero 43.\r\n\r\nEn consonancia con esto, la firma forma parte desde hace cinco a\u00f1os del consorcio de exportaci\u00f3n Grupo Hortiberia, S.A., del que es socio fundador.","imagenes_con_contador":[{"titulo_de_tab":"\u00c1rea de expansi\u00f3n","valor_del_contador":"480","etiqueta":"m\u00b2","imagen":353},{"titulo_de_tab":"NAVE CUBIERTA","valor_del_contador":"98237","etiqueta":"m\u00b2","imagen":366},{"titulo_de_tab":"Descarga climatizada","valor_del_contador":"13480","etiqueta":"m\u00b2","imagen":360},{"titulo_de_tab":"PATIO DE MANIOBRAS","valor_del_contador":"49080","etiqueta":"m\u00b2","imagen":357},{"titulo_de_tab":"C\u00c1MARA FRIGOR\u00cdFICAS","valor_del_contador":"12480","etiqueta":"m\u00b2","imagen":363},{"titulo_de_tab":"\u00c1REA SOCIAL","valor_del_contador":"85621","etiqueta":"m\u00b2","imagen":358},{"titulo_de_tab":"","valor_del_contador":"","etiqueta":"","imagen":""},{"titulo_de_tab":"","valor_del_contador":"","etiqueta":"","imagen":""}]},"_links":{"self":[{"href":"https:\/\/www.satsancayetano.es\/en\/wp-json\/wp\/v2\/pages\/103","targetHints":{"allow":["GET"]}}],"collection":[{"href":"https:\/\/www.satsancayetano.es\/en\/wp-json\/wp\/v2\/pages"}],"about":[{"href":"https:\/\/www.satsancayetano.es\/en\/wp-json\/wp\/v2\/types\/page"}],"author":[{"embeddable":true,"href":"https:\/\/www.satsancayetano.es\/en\/wp-json\/wp\/v2\/users\/1"}],"replies":[{"embeddable":true,"href":"https:\/\/www.satsancayetano.es\/en\/wp-json\/wp\/v2\/comments?post=103"}],"version-history":[{"count":22,"href":"https:\/\/www.satsancayetano.es\/en\/wp-json\/wp\/v2\/pages\/103\/revisions"}],"predecessor-version":[{"id":430,"href":"https:\/\/www.satsancayetano.es\/en\/wp-json\/wp\/v2\/pages\/103\/revisions\/430"}],"wp:attachment":[{"href":"https:\/\/www.satsancayetano.es\/en\/wp-json\/wp\/v2\/media?parent=103"}],"curies":[{"name":"wp","href":"https:\/\/api.w.org\/{rel}","templated":true}]}}